{"id":3526,"date":"2021-03-29T16:20:41","date_gmt":"2021-03-29T14:20:41","guid":{"rendered":"https:\/\/us.lessons-swimtrainer.com\/?post_type=product&#038;p=3526"},"modified":"2025-04-01T05:46:18","modified_gmt":"2025-04-01T12:46:18","slug":"swimtrainer-classic-gelb","status":"publish","type":"product","link":"https:\/\/us.swimtrainer.com\/de\/shop\/swimtrainer\/swimtrainer-classic-gelb\/","title":{"rendered":"SWIMTRAINER &#8221;Classic&#8221; gelb"},"content":{"rendered":"","protected":false},"excerpt":{"rendered":"[fusion_text columns=\"\" column_min_width=\"\" column_spacing=\"\" rule_style=\"default\" rule_size=\"\" rule_color=\"\" content_alignment_medium=\"\" content_alignment_small=\"\" content_alignment=\"\" hide_on_mobile=\"small-visibility,medium-visibility,large-visibility\" sticky_display=\"normal,sticky\" class=\"\" id=\"\" margin_top=\"0px\" margin_right=\"\" margin_bottom=\"\" margin_left=\"\" font_size=\"22px\" fusion_font_family_text_font=\"\" fusion_font_variant_text_font=\"\" line_height=\"\" letter_spacing=\"\" text_color=\"#ed186b\" animation_type=\"\" animation_direction=\"left\" animation_speed=\"0.3\" animation_offset=\"\"]<br \/>\n4 Jahre &#8211; 8 Jahre<br \/>\n[\/fusion_text]\n<p>Der gelbe SWIMTRAINER \u201eClassic\u201c ist f\u00fcr den methodischen <strong>\u00dcbergang zum freien Schwimmen<\/strong> bestens geeignet. Dieser SWIMTRAINER &#8220;Classic&#8221; wurde f\u00fcr Kinder mit einem <strong>Gewicht von ca. 20 bis ca. 36<\/strong> <strong>kg<\/strong> konzipiert und ist lediglich f\u00fcr Fortgeschrittene bestimmt.<\/p>\n<p>Mit dem SWIMTRAINER &#8220;Classic&#8221; wird den Kindern in jeder Entwicklungsphase das n\u00f6tige Erfolgserlebnis, viel Schwimmspa\u00df sowie ein <strong>gutes Sicherheitsgef\u00fchl im Wasser<\/strong> vermittelt. Somit wird bereits fr\u00fchzeitig die Basis f\u00fcr das erfolgreiche Schwimmenlernen gelegt und eine lebenslange, positive Beziehung zum Element Wasser geschaffen.<\/p>\n<p>Die speziell konzipierten Schwimmhilfen SWIMTRAINER &#8220;Classic&#8221; werden je nach Alter und Lernfortschritt des Kindes eingesetzt (rot, orange und gelb). Schon im Babyalter erm\u00f6glicht der SWIMTRAINER &#8220;Classic&#8221; eine gezielte Fr\u00fchf\u00f6rderung. Die darauf aufbauende Technikschulung f\u00fchrt schlie\u00dflich zum perfekten Schwimmstil. Unsere SWIMTRAINER &#8220;Classic&#8221; bieten den Kindern:<\/p>\n<ul>\n<li>eine ideale Schwimmlage im Wasser<\/li>\n<li>kein Durchrutschen durch aufblasbare Polster<\/li>\n<li>kein Vorkippen durch den stufenlos einstellbaren Sicherheitsgurt<\/li>\n<\/ul>\n<p>Alle SWIMTRAINER &#8220;Classic&#8221; sind aus stabilem Kunststoff und haben f\u00fcnf aufblasbare Kammern. Mit einem praktischen Klippverschluss werden der SWIMTRAINER &#8220;Classic&#8221; und der aufblasbare Sicherheitsgurt schnell und sicher angelegt.<\/p>\n<p>Selbstverst\u00e4ndlich sind unsere <strong>SWIMTRAINER T\u00dcV &amp; GS gepr\u00fcft<\/strong> und <strong>frei von Phthalaten<\/strong>.<\/p>\n<p>Unsere SWIMTRAINER &#8220;Classic&#8221; wurden mit dem bizziebaby Award und dem Family Review Center Gold Award ausgezeichnet.<\/p>\n[fusion_imageframe image_id=\"3997|full\" max_width=\"350px\" sticky_max_width=\"\" style_type=\"\" blur=\"\" stylecolor=\"\" hover_type=\"none\" bordersize=\"\" bordercolor=\"\" borderradius=\"\" align_medium=\"none\" align_small=\"none\" align=\"none\" margin_top=\"\" margin_right=\"\" margin_bottom=\"\" margin_left=\"\" lightbox=\"no\" gallery_id=\"\" lightbox_image=\"\" lightbox_image_id=\"\" alt=\"\" link=\"\" linktarget=\"_self\" hide_on_mobile=\"small-visibility,medium-visibility,large-visibility\" sticky_display=\"normal,sticky\" class=\"\" id=\"\" animation_type=\"\" animation_direction=\"left\" animation_speed=\"0.3\" animation_offset=\"\" filter_hue=\"0\" filter_saturation=\"100\" filter_brightness=\"100\" filter_contrast=\"100\" filter_invert=\"0\" filter_sepia=\"0\" filter_opacity=\"100\" filter_blur=\"0\" filter_hue_hover=\"0\" filter_saturation_hover=\"100\" filter_brightness_hover=\"100\" filter_contrast_hover=\"100\" filter_invert_hover=\"0\" filter_sepia_hover=\"0\" filter_opacity_hover=\"100\" filter_blur_hover=\"0\"]https:\/\/us.lessons-swimtrainer.com\/wp-content\/uploads\/2021\/04\/freds-swim-academy-swimtrainer-classic-siegel.jpg[\/fusion_imageframe]\n","protected":false},"featured_media":5330,"template":"","meta":[],"product_brand":[],"product_cat":[173],"product_tag":[],"class_list":{"0":"post-3526","1":"product","2":"type-product","3":"status-publish","4":"has-post-thumbnail","6":"product_cat-swimtrainer","8":"first","9":"outofstock","10":"taxable","11":"shipping-taxable","12":"purchasable","13":"product-type-simple"},"gallery_images":[6533,3876,2471,4285,4175,5602,6470,5591,5589],"jetpack_sharing_enabled":true,"_links":{"self":[{"href":"https:\/\/us.swimtrainer.com\/de\/wp-json\/wp\/v2\/product\/3526","targetHints":{"allow":["GET"]}}],"collection":[{"href":"https:\/\/us.swimtrainer.com\/de\/wp-json\/wp\/v2\/product"}],"about":[{"href":"https:\/\/us.swimtrainer.com\/de\/wp-json\/wp\/v2\/types\/product"}],"wp:featuredmedia":[{"embeddable":true,"href":"https:\/\/us.swimtrainer.com\/de\/wp-json\/wp\/v2\/media\/5330"}],"wp:attachment":[{"href":"https:\/\/us.swimtrainer.com\/de\/wp-json\/wp\/v2\/media?parent=3526"}],"wp:term":[{"taxonomy":"product_brand","embeddable":true,"href":"https:\/\/us.swimtrainer.com\/de\/wp-json\/wp\/v2\/product_brand?post=3526"},{"taxonomy":"product_cat","embeddable":true,"href":"https:\/\/us.swimtrainer.com\/de\/wp-json\/wp\/v2\/product_cat?post=3526"},{"taxonomy":"product_tag","embeddable":true,"href":"https:\/\/us.swimtrainer.com\/de\/wp-json\/wp\/v2\/product_tag?post=3526"}],"curies":[{"name":"wp","href":"https:\/\/api.w.org\/{rel}","templated":true}]}}