{"id":3527,"date":"2021-03-29T16:23:06","date_gmt":"2021-03-29T14:23:06","guid":{"rendered":"https:\/\/us.lessons-swimtrainer.com\/?post_type=product&#038;p=3527"},"modified":"2023-08-10T02:41:52","modified_gmt":"2023-08-10T09:41:52","slug":"freds-handpumpe","status":"publish","type":"product","link":"https:\/\/us.swimtrainer.com\/de\/shop\/schwimmzubehoer\/freds-handpumpe\/","title":{"rendered":"FREDS Handpumpe"},"content":{"rendered":"","protected":false},"excerpt":{"rendered":"<p>Mit dieser praktischen Handpumpe l\u00e4sst sich unser SWIMTRAINER, unsere Wasserball m\u00fchelos aufblasen. In der Verpackung ist auch eine Ventilnadel f\u00fcr Sportb\u00e4lle enthalten.<\/p>\n<ul>\n<li>Gr\u00f6\u00dfe: 210&#215;55 mm<\/li>\n<li>Durchmesser: 35 mm<\/li>\n<li>Pumpenhub: 85 mm<\/li>\n<li>Ventil-T\u00fclle &amp; &#8211; Nadel<\/li>\n<\/ul>\n","protected":false},"featured_media":5252,"template":"","meta":[],"product_brand":[],"product_cat":[264],"product_tag":[],"class_list":{"0":"post-3527","1":"product","2":"type-product","3":"status-publish","4":"has-post-thumbnail","6":"product_cat-schwimmzubehoer","8":"first","9":"instock","10":"taxable","11":"shipping-taxable","12":"purchasable","13":"product-type-simple"},"gallery_images":[3685,5254,4262],"jetpack_sharing_enabled":true,"_links":{"self":[{"href":"https:\/\/us.swimtrainer.com\/de\/wp-json\/wp\/v2\/product\/3527","targetHints":{"allow":["GET"]}}],"collection":[{"href":"https:\/\/us.swimtrainer.com\/de\/wp-json\/wp\/v2\/product"}],"about":[{"href":"https:\/\/us.swimtrainer.com\/de\/wp-json\/wp\/v2\/types\/product"}],"wp:featuredmedia":[{"embeddable":true,"href":"https:\/\/us.swimtrainer.com\/de\/wp-json\/wp\/v2\/media\/5252"}],"wp:attachment":[{"href":"https:\/\/us.swimtrainer.com\/de\/wp-json\/wp\/v2\/media?parent=3527"}],"wp:term":[{"taxonomy":"product_brand","embeddable":true,"href":"https:\/\/us.swimtrainer.com\/de\/wp-json\/wp\/v2\/product_brand?post=3527"},{"taxonomy":"product_cat","embeddable":true,"href":"https:\/\/us.swimtrainer.com\/de\/wp-json\/wp\/v2\/product_cat?post=3527"},{"taxonomy":"product_tag","embeddable":true,"href":"https:\/\/us.swimtrainer.com\/de\/wp-json\/wp\/v2\/product_tag?post=3527"}],"curies":[{"name":"wp","href":"https:\/\/api.w.org\/{rel}","templated":true}]}}