{"id":4669,"date":"2021-06-19T13:28:26","date_gmt":"2021-06-19T11:28:26","guid":{"rendered":"https:\/\/us.lessons-swimtrainer.com\/imprint\/"},"modified":"2023-07-05T06:14:09","modified_gmt":"2023-07-05T13:14:09","slug":"imprint","status":"publish","type":"page","link":"https:\/\/us.swimtrainer.com\/en\/imprint\/","title":{"rendered":"Imprint"},"content":{"rendered":"<div class=\"fusion-fullwidth fullwidth-box fusion-builder-row-1 fusion-flex-container nonhundred-percent-fullwidth non-hundred-percent-height-scrolling\" style=\"--awb-border-radius-top-left:0px;--awb-border-radius-top-right:0px;--awb-border-radius-bottom-right:0px;--awb-border-radius-bottom-left:0px;--awb-flex-wrap:wrap;\" ><div class=\"fusion-builder-row fusion-row fusion-flex-align-items-flex-start fusion-flex-content-wrap\" style=\"max-width:1424.8px;margin-left: calc(-4% \/ 2 );margin-right: calc(-4% \/ 2 );\"><div class=\"fusion-layout-column fusion_builder_column fusion-builder-column-0 fusion_builder_column_1_1 1_1 fusion-flex-column\" style=\"--awb-bg-size:cover;--awb-width-large:100%;--awb-margin-top-large:0px;--awb-spacing-right-large:1.92%;--awb-margin-bottom-large:0px;--awb-spacing-left-large:1.92%;--awb-width-medium:100%;--awb-spacing-right-medium:1.92%;--awb-spacing-left-medium:1.92%;--awb-width-small:100%;--awb-spacing-right-small:1.92%;--awb-spacing-left-small:1.92%;\"><div class=\"fusion-column-wrapper fusion-flex-justify-content-flex-start fusion-content-layout-column\"><div class=\"fusion-text fusion-text-1\" style=\"--awb-text-transform:none;\"><div>FREDS SWIM ACADEMY USA INC<br \/>\nTimo R\u00fcd<br \/>\n3919 30th Street<br \/>\nSan Diego, CA 92104<br \/>\n<a href=\"tel:+1 (619)-430-5766\">+1 (619)-430-5766<\/a><\/div>\n<p>Email: <a class=\"\" href=\"mailto:usa@swimtrainer.com\">usa@swimtrainer.com<\/a><\/p>\n<div>\n<div><\/div>\n<div>Commercial register: district court of Augsburg<\/div>\n<\/div>\n<p>Commercial register number: CR 21414<br \/>\nVAT ID No.: DE 245 866 540<br \/>\nCompany HQ: Augsburg<\/p>\n<p>Manager: Michaela Warmuth-R\u00fcd, J\u00fcrgen R\u00fcd, Dipl.-Ing. (FH)<\/p>\n<p>Platform of the EU Commission for online dispute resolution: <a href=\"https:\/\/ec.europa.eu\/odr\" target=\"_blank\" rel=\"noopener\">https:\/\/ec.europa.eu\/odr<\/a><\/p>\n<p>We are neither obliged nor willing to participate in a dispute settlement procedure before a consumer arbitration board.<\/p>\n<p>Responsible according to \u00a7 18 Abs. 2 MStV<br \/>\nJ\u00fcrgen R\u00fcd, Dipl.-Ing. (FH) (Address as above)<\/p>\n<p style=\"font-size: 10px; text-align: right; opacity: 0;\">DOCID: ##ITK-0fa3e3b5e41ab18069231368b152f190##<\/p>\n<\/div><\/div><\/div><\/div><\/div>\n","protected":false},"excerpt":{"rendered":"","protected":false},"author":1,"featured_media":0,"parent":0,"menu_order":0,"comment_status":"closed","ping_status":"closed","template":"","meta":{"footnotes":""},"class_list":["post-4669","page","type-page","status-publish","hentry"],"jetpack_sharing_enabled":true,"_links":{"self":[{"href":"https:\/\/us.swimtrainer.com\/en\/wp-json\/wp\/v2\/pages\/4669","targetHints":{"allow":["GET"]}}],"collection":[{"href":"https:\/\/us.swimtrainer.com\/en\/wp-json\/wp\/v2\/pages"}],"about":[{"href":"https:\/\/us.swimtrainer.com\/en\/wp-json\/wp\/v2\/types\/page"}],"author":[{"embeddable":true,"href":"https:\/\/us.swimtrainer.com\/en\/wp-json\/wp\/v2\/users\/1"}],"replies":[{"embeddable":true,"href":"https:\/\/us.swimtrainer.com\/en\/wp-json\/wp\/v2\/comments?post=4669"}],"version-history":[{"count":8,"href":"https:\/\/us.swimtrainer.com\/en\/wp-json\/wp\/v2\/pages\/4669\/revisions"}],"predecessor-version":[{"id":5341,"href":"https:\/\/us.swimtrainer.com\/en\/wp-json\/wp\/v2\/pages\/4669\/revisions\/5341"}],"wp:attachment":[{"href":"https:\/\/us.swimtrainer.com\/en\/wp-json\/wp\/v2\/media?parent=4669"}],"curies":[{"name":"wp","href":"https:\/\/api.w.org\/{rel}","templated":true}]}}